{"id":11,"date":"2017-10-23T21:14:06","date_gmt":"2017-10-23T19:14:06","guid":{"rendered":"https:\/\/bernauers.de\/historisches\/?page_id=11"},"modified":"2020-03-31T22:06:12","modified_gmt":"2020-03-31T20:06:12","slug":"ueberblick","status":"publish","type":"page","link":"https:\/\/bernauers.de\/historisches\/","title":{"rendered":"Eine Art Vorwort. . ."},"content":{"rendered":"<p>Ein Blog oder auch We<strong>blog<\/strong> (Wortkreuzung aus engl. <em>We<strong>b<\/strong><\/em> und <em>Log<\/em> f\u00fcr <strong>Log<\/strong>buch) ist eine Website, auf der Sachverhalte Meinungen oder Gedanken \u201egepostet\u201c werden.<\/p>\n<p>In diesem kleinen &#8222;Blog&#8220; schreibe ich \u00fcber sehr unterschiedliche Themen &#8211; z.B. wie es zur Entwicklung dieser Website kam, wieso ich politisch aktiv wurde und was ich auf dem Weg dahin und seither so alles erlebt habe und meine Meinungen zu verschiedensten Themen &#8211; nat\u00fcrlich ohne jeden Anspruch auf Vollst\u00e4ndigkeit. . .<\/p>\n<p>Auf so einem Blog sammelt sich recht schnell einiges an.<br \/>\nAuf der linken Seite findet Ihr immer die 5 neusten Beitr\u00e4ge.<\/p>\n<p>Wer mehr lesen will, kann in&#8217;s Archiv &#8211; direkt darunter.<\/p>\n<p>Oben rechts sind zur Orientierung einige ausgew\u00e4hlte Beitr\u00e4ge \u00fcber ein &#8222;Dropdown- Men\u00fc&#8220; erreichbar.<br \/>\nDas ist eine Art &#8222;abgespecktes Inhaltsverzeichnis&#8220;. Da sind nicht alle Beitr\u00e4ge drin, sonst geht der \u00dcberblick verloren.<br \/>\nUnd ganz rechts oben im Men\u00fc findet sich dann auch noch eine Suchfunktion &#8211; die Lupe. Wenn Ihr einen Artikel zu einem bestimmten Thema sucht k\u00f6nnt Ihr hier entsprechende Stichworte eingeben.<\/p>\n<p>Wenn Ihr hier etwas lest, ist es wichtig das richtig einzuordnen.<br \/>\nNehmt nicht alles &#8222;Bierernst&#8220;.\u00a0 Einige Beitr\u00e4ge habe ich Nachts um 3 geschrieben, weil ich nicht schlafen konnte. . .<br \/>\nEinige Beitr\u00e4ge sind eher so etwas wie der rote Faden durch einen Vortrag, den ich irgendwann, irgendwo, so \u00e4hnlich gehalten, oder auch nur geplant habe. Einiges sind Gedanken, die ich einfach mal hingeschrieben hab\u00b4. . .<\/p>\n<p>Nicht immer meine feststehende Meinung, eher Ausschnitte aus meinem Meinungsbildungsprozess. . .<br \/>\nManches ist fast schon wieder veraltet und manches ist vielleicht nur das Ergebnis einer strategischen \u00dcberlegung. Nach dem Motto: &#8222;Wie krieg\u00b4 ich die Leute dazu mit mir gemeinsam an mehr Demokratie zu arbeiten. . . &#8220;<\/p>\n<p>Viel Spa\u00df beim Schm\u00f6kern!<\/p>\n<p>Ach ja, und Kommentare k\u00f6nnt Ihr auch noch zu jedem Beitrag abgeben. Ich schalte sie aber nur frei, wenn sie mir gefallen. . .<\/p>\n<p><a href=\"http:\/\/bernauers.de\">Zur\u00fcck zur Hauptseite <\/a><\/p>\n","protected":false},"excerpt":{"rendered":"<p>Ein Blog oder auch Weblog (Wortkreuzung aus engl. Web und Log f\u00fcr Logbuch) ist eine Website, auf der Sachverhalte Meinungen oder Gedanken \u201egepostet\u201c werden. In diesem kleinen &#8222;Blog&#8220; schreibe ich \u00fcber sehr unterschiedliche Themen &#8211; z.B. wie es zur Entwicklung dieser Website kam, wieso ich politisch aktiv wurde und was ich auf dem Weg dahin &hellip; <a href=\"https:\/\/bernauers.de\/historisches\/\" class=\"more-link\"><span class=\"screen-reader-text\">Eine Art Vorwort. . .<\/span> weiterlesen <span class=\"meta-nav\">&rarr;<\/span><\/a><\/p>\n","protected":false},"author":1,"featured_media":0,"parent":0,"menu_order":0,"comment_status":"closed","ping_status":"closed","template":"","meta":{"footnotes":""},"class_list":["post-11","page","type-page","status-publish","hentry"],"_links":{"self":[{"href":"https:\/\/bernauers.de\/historisches\/wp-json\/wp\/v2\/pages\/11","targetHints":{"allow":["GET"]}}],"collection":[{"href":"https:\/\/bernauers.de\/historisches\/wp-json\/wp\/v2\/pages"}],"about":[{"href":"https:\/\/bernauers.de\/historisches\/wp-json\/wp\/v2\/types\/page"}],"author":[{"embeddable":true,"href":"https:\/\/bernauers.de\/historisches\/wp-json\/wp\/v2\/users\/1"}],"replies":[{"embeddable":true,"href":"https:\/\/bernauers.de\/historisches\/wp-json\/wp\/v2\/comments?post=11"}],"version-history":[{"count":22,"href":"https:\/\/bernauers.de\/historisches\/wp-json\/wp\/v2\/pages\/11\/revisions"}],"predecessor-version":[{"id":1533,"href":"https:\/\/bernauers.de\/historisches\/wp-json\/wp\/v2\/pages\/11\/revisions\/1533"}],"wp:attachment":[{"href":"https:\/\/bernauers.de\/historisches\/wp-json\/wp\/v2\/media?parent=11"}],"curies":[{"name":"wp","href":"https:\/\/api.w.org\/{rel}","templated":true}]}}